{"id":7,"date":"2012-02-22T02:28:41","date_gmt":"2012-02-22T04:28:41","guid":{"rendered":"http:\/\/falcaoperegrino.org.br\/brasil\/?page_id=7"},"modified":"2022-10-11T17:44:05","modified_gmt":"2022-10-11T20:44:05","slug":"escotismo","status":"publish","type":"page","link":"https:\/\/falcaoperegrino.org.br\/index.php\/escotismo\/","title":{"rendered":"O que \u00e9 o Movimento Escoteiro ?"},"content":{"rendered":"<h2><\/h2>\n<p><strong>Escotismo \u00e9 simples e voc\u00ea encontrar\u00e1 mais refer\u00eancias no final do texto.<\/strong><\/p>\n<p>A explica\u00e7\u00e3o come\u00e7a com a pergunta <strong>&#8220;Quem \u00e9 o futuro de nosso planeta?&#8221;<\/strong><\/p>\n<p>A resposta n\u00e3o \u00e9 dif\u00edcil. O futuro \u00e9 o jovem. \u00c9 interessante, promissor e mutante.<br \/>\nConfia cegamente no bem, mas \u00e0s vezes, por motivos diversos, lhe falta experi\u00eancia e orienta\u00e7\u00e3o para ter <strong>sucesso<\/strong>.<\/p>\n<p>Um jovem com inspira\u00e7\u00f5es, aspira\u00e7\u00f5es e uma preocupa\u00e7\u00e3o: <strong>criar um futuro melhor<\/strong>.<\/p>\n<p>Assim \u00e9 o Escotismo: um Movimento onde mais de <strong>50 milh\u00f5es<\/strong> de jovens no Mundo \u2013 <strong>112 mil<\/strong> s\u00f3 no Brasil \u2013 divertindo-se aprende a liderar e ser protagonista de nosso futuro atrav\u00e9s de uma metodologia l\u00fadica e inspiradora.<\/p>\n<p>Organiza\u00e7\u00e3o Mundial do Movimento Escoteiro: <a title=\"SCOUTS\" href=\"http:\/\/scout.org\/\" target=\"_blank\" rel=\"noopener noreferrer\">http:\/\/scout.org\/<\/a><br \/>\nUni\u00e3o dos Escoteiros do Brasil: <a title=\"ESCOTEIROS\" href=\"http:\/\/www.escoteiros.org.br\/\" target=\"_blank\" rel=\"noopener noreferrer\">http:\/\/www.escoteiros.org.br<\/a><br \/>\nRegional S\u00e3o Paulo: <a title=\"ESCOTEIROS\" href=\"https:\/\/www.escoteirossp.org.br\/\" target=\"_blank\" rel=\"noopener noreferrer\">https:\/\/www.escoteirossp.org.br<\/a><\/p>\n","protected":false},"excerpt":{"rendered":"<p>Escotismo \u00e9 simples e voc\u00ea encontrar\u00e1 mais refer\u00eancias no final do texto. A explica\u00e7\u00e3o come\u00e7a com a pergunta &#8220;Quem \u00e9 o futuro de nosso planeta?&#8221; A resposta n\u00e3o \u00e9 dif\u00edcil. O futuro \u00e9 o jovem. \u00c9 interessante, promissor e mutante. Confia cegamente no bem, mas \u00e0s vezes, por motivos diversos, lhe falta experi\u00eancia e orienta\u00e7\u00e3o [&hellip;]<\/p>\n","protected":false},"author":1,"featured_media":0,"parent":0,"menu_order":2,"comment_status":"open","ping_status":"open","template":"","meta":{"footnotes":""},"class_list":["post-7","page","type-page","status-publish","hentry"],"_links":{"self":[{"href":"https:\/\/falcaoperegrino.org.br\/index.php\/wp-json\/wp\/v2\/pages\/7"}],"collection":[{"href":"https:\/\/falcaoperegrino.org.br\/index.php\/wp-json\/wp\/v2\/pages"}],"about":[{"href":"https:\/\/falcaoperegrino.org.br\/index.php\/wp-json\/wp\/v2\/types\/page"}],"author":[{"embeddable":true,"href":"https:\/\/falcaoperegrino.org.br\/index.php\/wp-json\/wp\/v2\/users\/1"}],"replies":[{"embeddable":true,"href":"https:\/\/falcaoperegrino.org.br\/index.php\/wp-json\/wp\/v2\/comments?post=7"}],"version-history":[{"count":12,"href":"https:\/\/falcaoperegrino.org.br\/index.php\/wp-json\/wp\/v2\/pages\/7\/revisions"}],"predecessor-version":[{"id":6044,"href":"https:\/\/falcaoperegrino.org.br\/index.php\/wp-json\/wp\/v2\/pages\/7\/revisions\/6044"}],"wp:attachment":[{"href":"https:\/\/falcaoperegrino.org.br\/index.php\/wp-json\/wp\/v2\/media?parent=7"}],"curies":[{"name":"wp","href":"https:\/\/api.w.org\/{rel}","templated":true}]}}