{"id":5946,"date":"2021-09-05T13:27:54","date_gmt":"2021-09-05T16:27:54","guid":{"rendered":"http:\/\/www.falcaoperegrino.org.br\/?page_id=5946"},"modified":"2021-09-05T13:27:54","modified_gmt":"2021-09-05T16:27:54","slug":"politica-de-privacidade","status":"publish","type":"page","link":"https:\/\/falcaoperegrino.org.br\/index.php\/politica-de-privacidade\/","title":{"rendered":"Pol\u00edtica de privacidade"},"content":{"rendered":"\r\n<h2 class=\"wp-block-heading\">Quem somos<\/h2>\r\n\r\n\r\n\r\n<p>O endere\u00e7o do nosso site \u00e9: http:\/\/www.falcaoperegrino.org.br.<\/p>\r\n\r\n\r\n\r\n<h2 class=\"wp-block-heading\">Quais dados pessoais coletamos e porque<\/h2>\r\n\r\n\r\n\r\n<h3 class=\"wp-block-heading\">Coment\u00e1rios<\/h3>\r\n\r\n\r\n\r\n<p>Os coment\u00e1rios nas publicac\u00f5es est\u00e3o desabilitados neste site visando sua privacidade.\u00a0<\/p>\r\n\r\n\r\n\r\n<h3 class=\"wp-block-heading\">Formul\u00e1rios de contato<\/h3>\r\n\r\n\r\n\r\n<p>N\u00e3o utilizamos formul\u00e1rio de contato. Caso queira contribuir com sugest\u00f5es, por favor utilize o e-mail informado na p\u00e1gina <em>Localizac\u00e3o e Contatos <\/em>e responderemos o mais breve poss\u00edvel.\u00a0<\/p>\r\n<h3 class=\"wp-block-heading\">\r\n\r\n<\/h3>\r\n<h3 class=\"wp-block-heading\">Cookies<\/h3>\r\n\r\n\r\n\r\n<p>N\u00f3s utilizamos os cookies para contabilizar a quantidade de visualiza\u00e7\u00f5es de cada uma das publica\u00e7\u00f5es e conhecer as caracter\u00edstica do visitante, como pa\u00eds de origem, sistema operacional e vers\u00e3o do browser utilizado. Essas informa\u00e7\u00f5es podem nos ajudar a identificar os assuntos de maior interesse e a formatar os textos e imagens da forma mais adequada para o p\u00fablico que visita nosso site. Os cookies s\u00e3o utilizados tamb\u00e9m para controle de navega\u00e7\u00e3o do site, de modo que a exibi\u00e7\u00e3o das diversas p\u00e1ginas de conte\u00fado seja feita de forma organizada e consistente\u00a0Se voc\u00ea n\u00e3o concorda com o uso de cookies para captura de seus dados de navega\u00e7\u00e3o para gera\u00e7\u00e3o de estat\u00edsticas e controle de navega\u00e7\u00e3o, n\u00e3o prossiga na visita ao site.<\/p>\r\n\r\n\r\n\r\n<h3 class=\"wp-block-heading\">M\u00eddia incorporada de outros sites<\/h3>\r\n\r\n\r\n\r\n<p>Artigos neste site podem incluir conte\u00fado incorporado como, por exemplo, v\u00eddeos, imagens, artigos, etc. Conte\u00fados incorporados de outros sites se comportam exatamente da mesma forma como se o visitante estivesse visitando o outro site.\u00a0Estes sites podem coletar dados sobre voc\u00ea, usar cookies, incorporar rastreamento adicional de terceiros e monitorar sua intera\u00e7\u00e3o com este conte\u00fado incorporado, incluindo sua intera\u00e7\u00e3o com o conte\u00fado incorporado se voc\u00ea tem uma conta e est\u00e1 conectado com o site. Consulte sempre tamb\u00e9m a pol\u00edtica de privacidade desses sites.<\/p>\r\n\r\n\r\n\r\n\r\n\r\n<h2 class=\"wp-block-heading\">Com quem partilhamos seus dados<\/h2>\r\n\r\n\r\n\r\n<p>Seus dados n\u00e3o s\u00e3o compartilhados com terceiros, salvo em condic\u00f5es que voc\u00ea j\u00e1 tenha autorizado previamente. Entretanto, as empresas detentoras das ferramentas utilizadas na implementac\u00e3o deste site e na prestac\u00e3o do servico de e-mail armazenam e t\u00eam acesso aos dados aqui publicados, para fins de estat\u00edsticas e prestac\u00e3o dos servicos contratados.<\/p>\r\n<h2 class=\"wp-block-heading\">Por quanto tempo mantemos os seus dados<\/h2>\r\n\r\n\r\n\r\n<p>Caso faca contato conosco por e-mail, os dados fornecidos &#8211; inclusive seu endereco de e-mail &#8211; ser\u00e3o utilizados exclusivamente para responder aos seus questionamentos e ser\u00e3o armazenados para futuras consultas pela equipe de administrac\u00e3o do grupo escoteiro, mas podem ser exclu\u00eddos a qualquer momento caso voc\u00ea manifeste essa vontade.<\/p>\r\n\r\n\r\n\r\n<h2>Quais os seus direitos sobre seus dados<\/h2>\r\n\r\n\r\n\r\n<p>Voc\u00ea tem o direito de solicitar a correc\u00e3o ou remoc\u00e3o de qualquer dado pessoal a seu respeito que esteja incorreto ou seja indevido, assim como solicitar que lhe informemos seus dados como os temos registrados para sua confer\u00eancia ou transfer\u00eancia para outra entidade.\u00a0<\/p>\r\n\r\n\r\n\r\n<h2 class=\"wp-block-heading\">Para onde enviamos seus dados<\/h2>\r\n\r\n\r\n\r\n<p>Seus dados n\u00e3o s\u00e3o enviados para outras localidades. Entretanto, as empresas detentoras das ferramentas utilizadas na implementac\u00e3o deste site e na prestac\u00e3o do servico de e-mail podem utilizar servidores localizados em outras localidades, inclusive em outros pa\u00edses.\u00a0<\/p>\r\n\r\n\r\n\r\n<h2 class=\"wp-block-heading\">Para mais informac\u00f5es<\/h2>\r\n\r\n\r\n\r\n<p>Caso tenha qualquer d\u00favida quanto \u00e0s informac\u00f5es que coletamos e o tratamento que fazemos delas para garantir sua privacidade, entre em contato conosco pelo o e-mail informado na p\u00e1gina <em>Localizac\u00e3o e Contatos<\/em> e responderemos o mais breve poss\u00edvel.<\/p>\r\n","protected":false},"excerpt":{"rendered":"<p>Quem somos O endere\u00e7o do nosso site \u00e9: http:\/\/www.falcaoperegrino.org.br. Quais dados pessoais coletamos e porque Coment\u00e1rios Os coment\u00e1rios nas publicac\u00f5es est\u00e3o desabilitados neste site visando sua privacidade.\u00a0 Formul\u00e1rios de contato N\u00e3o utilizamos formul\u00e1rio de contato. Caso queira contribuir com sugest\u00f5es, por favor utilize o e-mail informado na p\u00e1gina Localizac\u00e3o e Contatos e responderemos o mais [&hellip;]<\/p>\n","protected":false},"author":1,"featured_media":0,"parent":0,"menu_order":0,"comment_status":"closed","ping_status":"closed","template":"","meta":{"footnotes":""},"class_list":["post-5946","page","type-page","status-publish","hentry"],"_links":{"self":[{"href":"https:\/\/falcaoperegrino.org.br\/index.php\/wp-json\/wp\/v2\/pages\/5946"}],"collection":[{"href":"https:\/\/falcaoperegrino.org.br\/index.php\/wp-json\/wp\/v2\/pages"}],"about":[{"href":"https:\/\/falcaoperegrino.org.br\/index.php\/wp-json\/wp\/v2\/types\/page"}],"author":[{"embeddable":true,"href":"https:\/\/falcaoperegrino.org.br\/index.php\/wp-json\/wp\/v2\/users\/1"}],"replies":[{"embeddable":true,"href":"https:\/\/falcaoperegrino.org.br\/index.php\/wp-json\/wp\/v2\/comments?post=5946"}],"version-history":[{"count":2,"href":"https:\/\/falcaoperegrino.org.br\/index.php\/wp-json\/wp\/v2\/pages\/5946\/revisions"}],"predecessor-version":[{"id":5948,"href":"https:\/\/falcaoperegrino.org.br\/index.php\/wp-json\/wp\/v2\/pages\/5946\/revisions\/5948"}],"wp:attachment":[{"href":"https:\/\/falcaoperegrino.org.br\/index.php\/wp-json\/wp\/v2\/media?parent=5946"}],"curies":[{"name":"wp","href":"https:\/\/api.w.org\/{rel}","templated":true}]}}