{"id":5681,"date":"2020-06-01T20:10:13","date_gmt":"2020-06-01T23:10:13","guid":{"rendered":"http:\/\/www.falcaoperegrino.org.br\/?page_id=5681"},"modified":"2020-06-26T19:21:20","modified_gmt":"2020-06-26T22:21:20","slug":"de-familia-para-familia","status":"publish","type":"page","link":"https:\/\/falcaoperegrino.org.br\/index.php\/de-familia-para-familia\/","title":{"rendered":"De Falc\u00e3o para Falc\u00e3o"},"content":{"rendered":"<p>Aproveite as oportunidades de neg\u00f3cios dos membros do Grupo Escoteiro Falc\u00e3o Peregrino.<\/p>\n<p style=\"text-align: left;\">\u00c9 importante ressaltar que este \u00e9 um canal de divulga\u00e7\u00e3o, portanto, o grupo n\u00e3o se responsabiliza pelos produtos oferecidos e servi\u00e7os prestados.<\/p>\n<h2>Alimenta\u00e7\u00e3o<\/h2>\n<p><img loading=\"lazy\" decoding=\"async\" class=\"alignnone wp-image-5759 size-medium\" src=\"http:\/\/falcaoperegrinot1.hospedagemdesites.ws\/wp-content\/uploads\/3-1-252x300.png\" alt=\"\" width=\"252\" height=\"300\" srcset=\"https:\/\/falcaoperegrino.org.br\/wp-content\/uploads\/3-1-252x300.png 252w, https:\/\/falcaoperegrino.org.br\/wp-content\/uploads\/3-1-680x808.png 680w, https:\/\/falcaoperegrino.org.br\/wp-content\/uploads\/3-1-768x913.png 768w, https:\/\/falcaoperegrino.org.br\/wp-content\/uploads\/3-1-1293x1536.png 1293w, https:\/\/falcaoperegrino.org.br\/wp-content\/uploads\/3-1.png 1683w\" sizes=\"(max-width: 252px) 100vw, 252px\" \/> \u00a0 <img loading=\"lazy\" decoding=\"async\" class=\"alignnone wp-image-5768 size-medium\" src=\"http:\/\/falcaoperegrinot1.hospedagemdesites.ws\/wp-content\/uploads\/Verde-hortela\u0303-e-Branco-Jantar-Carda\u0301pio-1-1-252x300.png\" alt=\"\" width=\"252\" height=\"300\" srcset=\"https:\/\/falcaoperegrino.org.br\/wp-content\/uploads\/Verde-hortela\u0303-e-Branco-Jantar-Carda\u0301pio-1-1-252x300.png 252w, https:\/\/falcaoperegrino.org.br\/wp-content\/uploads\/Verde-hortela\u0303-e-Branco-Jantar-Carda\u0301pio-1-1-680x808.png 680w, https:\/\/falcaoperegrino.org.br\/wp-content\/uploads\/Verde-hortela\u0303-e-Branco-Jantar-Carda\u0301pio-1-1-768x913.png 768w, https:\/\/falcaoperegrino.org.br\/wp-content\/uploads\/Verde-hortela\u0303-e-Branco-Jantar-Carda\u0301pio-1-1-1293x1536.png 1293w, https:\/\/falcaoperegrino.org.br\/wp-content\/uploads\/Verde-hortela\u0303-e-Branco-Jantar-Carda\u0301pio-1-1.png 1683w\" sizes=\"(max-width: 252px) 100vw, 252px\" \/>\u00a0 \u00a0<img loading=\"lazy\" decoding=\"async\" class=\"alignnone wp-image-5785 size-medium\" src=\"http:\/\/falcaoperegrinot1.hospedagemdesites.ws\/wp-content\/uploads\/Verde-hortela\u0303-e-Branco-Jantar-Carda\u0301pio-4-1-252x300.png\" alt=\"\" width=\"252\" height=\"300\" srcset=\"https:\/\/falcaoperegrino.org.br\/wp-content\/uploads\/Verde-hortela\u0303-e-Branco-Jantar-Carda\u0301pio-4-1-252x300.png 252w, https:\/\/falcaoperegrino.org.br\/wp-content\/uploads\/Verde-hortela\u0303-e-Branco-Jantar-Carda\u0301pio-4-1-680x808.png 680w, https:\/\/falcaoperegrino.org.br\/wp-content\/uploads\/Verde-hortela\u0303-e-Branco-Jantar-Carda\u0301pio-4-1-768x913.png 768w, https:\/\/falcaoperegrino.org.br\/wp-content\/uploads\/Verde-hortela\u0303-e-Branco-Jantar-Carda\u0301pio-4-1-1293x1536.png 1293w, https:\/\/falcaoperegrino.org.br\/wp-content\/uploads\/Verde-hortela\u0303-e-Branco-Jantar-Carda\u0301pio-4-1.png 1683w\" sizes=\"(max-width: 252px) 100vw, 252px\" \/><\/p>\n<h2>Arquitetura<\/h2>\n<p><img loading=\"lazy\" decoding=\"async\" class=\"alignnone wp-image-5783 size-medium\" src=\"http:\/\/falcaoperegrinot1.hospedagemdesites.ws\/wp-content\/uploads\/Verde-hortela\u0303-e-Branco-Jantar-Carda\u0301pio-3-2-252x300.png\" alt=\"\" width=\"252\" height=\"300\" srcset=\"https:\/\/falcaoperegrino.org.br\/wp-content\/uploads\/Verde-hortela\u0303-e-Branco-Jantar-Carda\u0301pio-3-2-252x300.png 252w, https:\/\/falcaoperegrino.org.br\/wp-content\/uploads\/Verde-hortela\u0303-e-Branco-Jantar-Carda\u0301pio-3-2-680x808.png 680w, https:\/\/falcaoperegrino.org.br\/wp-content\/uploads\/Verde-hortela\u0303-e-Branco-Jantar-Carda\u0301pio-3-2-768x913.png 768w, https:\/\/falcaoperegrino.org.br\/wp-content\/uploads\/Verde-hortela\u0303-e-Branco-Jantar-Carda\u0301pio-3-2-1293x1536.png 1293w, https:\/\/falcaoperegrino.org.br\/wp-content\/uploads\/Verde-hortela\u0303-e-Branco-Jantar-Carda\u0301pio-3-2.png 1683w\" sizes=\"(max-width: 252px) 100vw, 252px\" \/><\/p>\n<h2>Beleza<\/h2>\n<h2><img loading=\"lazy\" decoding=\"async\" class=\"wp-image-5742 size-medium alignnone\" src=\"http:\/\/falcaoperegrinot1.hospedagemdesites.ws\/wp-content\/uploads\/3-252x300.png\" alt=\"\" width=\"252\" height=\"300\" srcset=\"https:\/\/falcaoperegrino.org.br\/wp-content\/uploads\/3-252x300.png 252w, https:\/\/falcaoperegrino.org.br\/wp-content\/uploads\/3-680x808.png 680w, https:\/\/falcaoperegrino.org.br\/wp-content\/uploads\/3-768x913.png 768w, https:\/\/falcaoperegrino.org.br\/wp-content\/uploads\/3-1293x1536.png 1293w, https:\/\/falcaoperegrino.org.br\/wp-content\/uploads\/3.png 1683w\" sizes=\"(max-width: 252px) 100vw, 252px\" \/><\/h2>\n<h2>Comunica\u00e7\u00e3o<\/h2>\n<h2><img loading=\"lazy\" decoding=\"async\" class=\"wp-image-5750 size-medium alignnone\" src=\"http:\/\/falcaoperegrinot1.hospedagemdesites.ws\/wp-content\/uploads\/Verde-hortela\u0303-e-Branco-Jantar-Carda\u0301pio-4-252x300.png\" alt=\"\" width=\"252\" height=\"300\" srcset=\"https:\/\/falcaoperegrino.org.br\/wp-content\/uploads\/Verde-hortela\u0303-e-Branco-Jantar-Carda\u0301pio-4-252x300.png 252w, https:\/\/falcaoperegrino.org.br\/wp-content\/uploads\/Verde-hortela\u0303-e-Branco-Jantar-Carda\u0301pio-4-680x808.png 680w, https:\/\/falcaoperegrino.org.br\/wp-content\/uploads\/Verde-hortela\u0303-e-Branco-Jantar-Carda\u0301pio-4-768x913.png 768w, https:\/\/falcaoperegrino.org.br\/wp-content\/uploads\/Verde-hortela\u0303-e-Branco-Jantar-Carda\u0301pio-4-1293x1536.png 1293w, https:\/\/falcaoperegrino.org.br\/wp-content\/uploads\/Verde-hortela\u0303-e-Branco-Jantar-Carda\u0301pio-4.png 1683w\" sizes=\"(max-width: 252px) 100vw, 252px\" \/>\u00a0 <strong><img loading=\"lazy\" decoding=\"async\" class=\"wp-image-5717 size-medium alignnone\" src=\"http:\/\/falcaoperegrinot1.hospedagemdesites.ws\/wp-content\/uploads\/Verde-hortela\u0303-e-Branco-Jantar-Carda\u0301pio-2-252x300.png\" alt=\"\" width=\"252\" height=\"300\" srcset=\"https:\/\/falcaoperegrino.org.br\/wp-content\/uploads\/Verde-hortela\u0303-e-Branco-Jantar-Carda\u0301pio-2-252x300.png 252w, https:\/\/falcaoperegrino.org.br\/wp-content\/uploads\/Verde-hortela\u0303-e-Branco-Jantar-Carda\u0301pio-2-680x808.png 680w, https:\/\/falcaoperegrino.org.br\/wp-content\/uploads\/Verde-hortela\u0303-e-Branco-Jantar-Carda\u0301pio-2-768x913.png 768w, https:\/\/falcaoperegrino.org.br\/wp-content\/uploads\/Verde-hortela\u0303-e-Branco-Jantar-Carda\u0301pio-2-1293x1536.png 1293w, https:\/\/falcaoperegrino.org.br\/wp-content\/uploads\/Verde-hortela\u0303-e-Branco-Jantar-Carda\u0301pio-2.png 1683w\" sizes=\"(max-width: 252px) 100vw, 252px\" \/> \u00a0<img loading=\"lazy\" decoding=\"async\" class=\"alignnone wp-image-5745 size-medium\" src=\"http:\/\/falcaoperegrinot1.hospedagemdesites.ws\/wp-content\/uploads\/2-252x300.png\" alt=\"\" width=\"252\" height=\"300\" srcset=\"https:\/\/falcaoperegrino.org.br\/wp-content\/uploads\/2-252x300.png 252w, https:\/\/falcaoperegrino.org.br\/wp-content\/uploads\/2-680x808.png 680w, https:\/\/falcaoperegrino.org.br\/wp-content\/uploads\/2-768x913.png 768w, https:\/\/falcaoperegrino.org.br\/wp-content\/uploads\/2-1293x1536.png 1293w, https:\/\/falcaoperegrino.org.br\/wp-content\/uploads\/2.png 1683w\" sizes=\"(max-width: 252px) 100vw, 252px\" \/><\/strong><\/h2>\n<h2>Decora\u00e7\u00e3o<\/h2>\n<p><img loading=\"lazy\" decoding=\"async\" class=\"alignnone wp-image-5802 size-medium\" src=\"http:\/\/falcaoperegrinot1.hospedagemdesites.ws\/wp-content\/uploads\/Verde-hortela\u0303-e-Branco-Jantar-Carda\u0301pio-6-252x300.png\" alt=\"\" width=\"252\" height=\"300\" srcset=\"https:\/\/falcaoperegrino.org.br\/wp-content\/uploads\/Verde-hortela\u0303-e-Branco-Jantar-Carda\u0301pio-6-252x300.png 252w, https:\/\/falcaoperegrino.org.br\/wp-content\/uploads\/Verde-hortela\u0303-e-Branco-Jantar-Carda\u0301pio-6-680x808.png 680w, https:\/\/falcaoperegrino.org.br\/wp-content\/uploads\/Verde-hortela\u0303-e-Branco-Jantar-Carda\u0301pio-6-768x913.png 768w, https:\/\/falcaoperegrino.org.br\/wp-content\/uploads\/Verde-hortela\u0303-e-Branco-Jantar-Carda\u0301pio-6-1293x1536.png 1293w, https:\/\/falcaoperegrino.org.br\/wp-content\/uploads\/Verde-hortela\u0303-e-Branco-Jantar-Carda\u0301pio-6.png 1683w\" sizes=\"(max-width: 252px) 100vw, 252px\" \/><\/p>\n<h2>Educa\u00e7\u00e3o<\/h2>\n<p><img loading=\"lazy\" decoding=\"async\" class=\"alignnone wp-image-5797 size-medium\" src=\"http:\/\/falcaoperegrinot1.hospedagemdesites.ws\/wp-content\/uploads\/1-1-252x300.png\" alt=\"\" width=\"252\" height=\"300\" srcset=\"https:\/\/falcaoperegrino.org.br\/wp-content\/uploads\/1-1-252x300.png 252w, https:\/\/falcaoperegrino.org.br\/wp-content\/uploads\/1-1-680x808.png 680w, https:\/\/falcaoperegrino.org.br\/wp-content\/uploads\/1-1-768x913.png 768w, https:\/\/falcaoperegrino.org.br\/wp-content\/uploads\/1-1-1293x1536.png 1293w, https:\/\/falcaoperegrino.org.br\/wp-content\/uploads\/1-1.png 1683w\" sizes=\"(max-width: 252px) 100vw, 252px\" \/><\/p>\n<h2>Ferramentas<\/h2>\n<p><img loading=\"lazy\" decoding=\"async\" class=\"alignnone wp-image-5743 size-medium\" src=\"http:\/\/falcaoperegrinot1.hospedagemdesites.ws\/wp-content\/uploads\/4-252x300.png\" alt=\"\" width=\"252\" height=\"300\" srcset=\"https:\/\/falcaoperegrino.org.br\/wp-content\/uploads\/4-252x300.png 252w, https:\/\/falcaoperegrino.org.br\/wp-content\/uploads\/4-680x808.png 680w, https:\/\/falcaoperegrino.org.br\/wp-content\/uploads\/4-768x913.png 768w, https:\/\/falcaoperegrino.org.br\/wp-content\/uploads\/4-1293x1536.png 1293w, https:\/\/falcaoperegrino.org.br\/wp-content\/uploads\/4.png 1683w\" sizes=\"(max-width: 252px) 100vw, 252px\" \/><\/p>\n<h2>Gr\u00e1fica<\/h2>\n<p><img loading=\"lazy\" decoding=\"async\" class=\"alignnone wp-image-5798 size-medium\" src=\"http:\/\/falcaoperegrinot1.hospedagemdesites.ws\/wp-content\/uploads\/2-1-252x300.png\" alt=\"\" width=\"252\" height=\"300\" srcset=\"https:\/\/falcaoperegrino.org.br\/wp-content\/uploads\/2-1-252x300.png 252w, https:\/\/falcaoperegrino.org.br\/wp-content\/uploads\/2-1-680x808.png 680w, https:\/\/falcaoperegrino.org.br\/wp-content\/uploads\/2-1-768x913.png 768w, https:\/\/falcaoperegrino.org.br\/wp-content\/uploads\/2-1-1293x1536.png 1293w, https:\/\/falcaoperegrino.org.br\/wp-content\/uploads\/2-1.png 1683w\" sizes=\"(max-width: 252px) 100vw, 252px\" \/><\/p>\n<h2>Inform\u00e1tica<\/h2>\n<h2><img loading=\"lazy\" decoding=\"async\" class=\"wp-image-5744 alignnone\" src=\"http:\/\/falcaoperegrinot1.hospedagemdesites.ws\/wp-content\/uploads\/1-252x300.png\" alt=\"\" width=\"252\" height=\"300\" srcset=\"https:\/\/falcaoperegrino.org.br\/wp-content\/uploads\/1-252x300.png 252w, https:\/\/falcaoperegrino.org.br\/wp-content\/uploads\/1-680x808.png 680w, https:\/\/falcaoperegrino.org.br\/wp-content\/uploads\/1-768x913.png 768w, https:\/\/falcaoperegrino.org.br\/wp-content\/uploads\/1-1293x1536.png 1293w, https:\/\/falcaoperegrino.org.br\/wp-content\/uploads\/1.png 1683w\" sizes=\"(max-width: 252px) 100vw, 252px\" \/><\/h2>\n<h2>Roupas<\/h2>\n<p><img loading=\"lazy\" decoding=\"async\" class=\"alignnone wp-image-5801 size-medium\" src=\"http:\/\/falcaoperegrinot1.hospedagemdesites.ws\/wp-content\/uploads\/Verde-hortela\u0303-e-Branco-Jantar-Carda\u0301pio-5-252x300.png\" alt=\"\" width=\"252\" height=\"300\" srcset=\"https:\/\/falcaoperegrino.org.br\/wp-content\/uploads\/Verde-hortela\u0303-e-Branco-Jantar-Carda\u0301pio-5-252x300.png 252w, https:\/\/falcaoperegrino.org.br\/wp-content\/uploads\/Verde-hortela\u0303-e-Branco-Jantar-Carda\u0301pio-5-680x808.png 680w, https:\/\/falcaoperegrino.org.br\/wp-content\/uploads\/Verde-hortela\u0303-e-Branco-Jantar-Carda\u0301pio-5-768x913.png 768w, https:\/\/falcaoperegrino.org.br\/wp-content\/uploads\/Verde-hortela\u0303-e-Branco-Jantar-Carda\u0301pio-5-1293x1536.png 1293w, https:\/\/falcaoperegrino.org.br\/wp-content\/uploads\/Verde-hortela\u0303-e-Branco-Jantar-Carda\u0301pio-5.png 1683w\" sizes=\"(max-width: 252px) 100vw, 252px\" \/><\/p>\n<h2>Sa\u00fade<\/h2>\n<p><img loading=\"lazy\" decoding=\"async\" class=\"alignnone wp-image-5806 size-medium\" src=\"http:\/\/falcaoperegrinot1.hospedagemdesites.ws\/wp-content\/uploads\/Verde-hortela\u0303-e-Branco-Jantar-Carda\u0301pio-8-252x300.png\" alt=\"\" width=\"252\" height=\"300\" srcset=\"https:\/\/falcaoperegrino.org.br\/wp-content\/uploads\/Verde-hortela\u0303-e-Branco-Jantar-Carda\u0301pio-8-252x300.png 252w, https:\/\/falcaoperegrino.org.br\/wp-content\/uploads\/Verde-hortela\u0303-e-Branco-Jantar-Carda\u0301pio-8-680x808.png 680w, https:\/\/falcaoperegrino.org.br\/wp-content\/uploads\/Verde-hortela\u0303-e-Branco-Jantar-Carda\u0301pio-8-768x913.png 768w, https:\/\/falcaoperegrino.org.br\/wp-content\/uploads\/Verde-hortela\u0303-e-Branco-Jantar-Carda\u0301pio-8-1293x1536.png 1293w, https:\/\/falcaoperegrino.org.br\/wp-content\/uploads\/Verde-hortela\u0303-e-Branco-Jantar-Carda\u0301pio-8.png 1683w\" sizes=\"(max-width: 252px) 100vw, 252px\" \/><\/p>\n","protected":false},"excerpt":{"rendered":"<p>Aproveite as oportunidades de neg\u00f3cios dos membros do Grupo Escoteiro Falc\u00e3o Peregrino. \u00c9 importante ressaltar que este \u00e9 um canal de divulga\u00e7\u00e3o, portanto, o grupo n\u00e3o se responsabiliza pelos produtos oferecidos e servi\u00e7os prestados. Alimenta\u00e7\u00e3o \u00a0 \u00a0 \u00a0 Arquitetura Beleza Comunica\u00e7\u00e3o \u00a0 \u00a0 Decora\u00e7\u00e3o Educa\u00e7\u00e3o Ferramentas Gr\u00e1fica Inform\u00e1tica Roupas Sa\u00fade<\/p>\n","protected":false},"author":5,"featured_media":5710,"parent":0,"menu_order":0,"comment_status":"closed","ping_status":"closed","template":"","meta":{"footnotes":""},"class_list":["post-5681","page","type-page","status-publish","has-post-thumbnail","hentry"],"_links":{"self":[{"href":"https:\/\/falcaoperegrino.org.br\/index.php\/wp-json\/wp\/v2\/pages\/5681"}],"collection":[{"href":"https:\/\/falcaoperegrino.org.br\/index.php\/wp-json\/wp\/v2\/pages"}],"about":[{"href":"https:\/\/falcaoperegrino.org.br\/index.php\/wp-json\/wp\/v2\/types\/page"}],"author":[{"embeddable":true,"href":"https:\/\/falcaoperegrino.org.br\/index.php\/wp-json\/wp\/v2\/users\/5"}],"replies":[{"embeddable":true,"href":"https:\/\/falcaoperegrino.org.br\/index.php\/wp-json\/wp\/v2\/comments?post=5681"}],"version-history":[{"count":42,"href":"https:\/\/falcaoperegrino.org.br\/index.php\/wp-json\/wp\/v2\/pages\/5681\/revisions"}],"predecessor-version":[{"id":5807,"href":"https:\/\/falcaoperegrino.org.br\/index.php\/wp-json\/wp\/v2\/pages\/5681\/revisions\/5807"}],"wp:featuredmedia":[{"embeddable":true,"href":"https:\/\/falcaoperegrino.org.br\/index.php\/wp-json\/wp\/v2\/media\/5710"}],"wp:attachment":[{"href":"https:\/\/falcaoperegrino.org.br\/index.php\/wp-json\/wp\/v2\/media?parent=5681"}],"curies":[{"name":"wp","href":"https:\/\/api.w.org\/{rel}","templated":true}]}}