{"id":5,"date":"2012-02-22T02:28:08","date_gmt":"2012-02-22T04:28:08","guid":{"rendered":"http:\/\/falcaoperegrino.org.br\/brasil\/?page_id=5"},"modified":"2023-08-15T14:34:52","modified_gmt":"2023-08-15T17:34:52","slug":"falcao","status":"publish","type":"page","link":"https:\/\/falcaoperegrino.org.br\/index.php\/falcao\/","title":{"rendered":"O que \u00e9 o G.E. Falc\u00e3o Peregrino?"},"content":{"rendered":"<p>O <strong>Grupo Escoteiro Falc\u00e3o Peregrino<\/strong> \u00e9 um grupo onde se <strong>pratica<\/strong> e <strong>vive<\/strong> o escotismo, com muita <strong>emo\u00e7\u00e3o<\/strong> e <strong>dedica\u00e7\u00e3o<\/strong>.<br \/>\nMuito mais do que praticantes do escotismo, <strong>somos uma fam\u00edlia<\/strong> enorme com <strong>valores<\/strong> e <strong>princ\u00edpios<\/strong> que nos unem a uma \u00fanica bandeira: <strong>tornar o mundo melhor<\/strong>.<\/p>\n<p>H\u00e1 <strong>40 anos<\/strong> realizamos atividades que visam a boa <strong>forma\u00e7\u00e3o extracurricular<\/strong> de jovens beneficiando a sociedade e comunidades, al\u00e9m de consolidar uma <strong>estrutura s\u00f3lida<\/strong> de apoio aos volunt\u00e1rios e fam\u00edlias envolvidas, ver infogr\u00e1fico abaixo:<\/p>\n<div id=\"attachment_33\" style=\"width: 690px\" class=\"wp-caption aligncenter\"><a href=\"http:\/\/www.falcaoperegrino.org.br\/wp-content\/uploads\/2012\/02\/circulo_FALCAO.jpg\"><img loading=\"lazy\" decoding=\"async\" aria-describedby=\"caption-attachment-33\" class=\"size-full wp-image-33\" title=\"Circulo Falc\u00e3o\" src=\"http:\/\/www.falcaoperegrino.org.br\/wp-content\/uploads\/2012\/02\/circulo_FALCAO.jpg\" alt=\"\" width=\"680\" height=\"491\" \/><\/a><p id=\"caption-attachment-33\" class=\"wp-caption-text\">Clique na imagem para ver em tamanho maior<\/p><\/div>\n<p>Acampamos, aprendemos, ensinamos, colaboramos, empreendemos, participamos, cantamos, sorrimos, divertimos, vivemos, realizamos e sonhamos.<\/p>\n<p>Dia ap\u00f3s dia e o nosso objetivo \u00e9 <strong>voar para al\u00e9m dos montes<\/strong>.<\/p>\n<h4 style=\"text-align: center;\">E por que fazemos Escotismo?<\/h4>\n<p><iframe loading=\"lazy\" title=\"Bem-vindo aos Escoteiros do Brasil! [vers\u00e3o 5 minutos]\" width=\"500\" height=\"281\" src=\"https:\/\/www.youtube.com\/embed\/6RmxkH08eJU?feature=oembed\" frameborder=\"0\" allow=\"accelerometer; autoplay; clipboard-write; encrypted-media; gyroscope; picture-in-picture; web-share\" referrerpolicy=\"strict-origin-when-cross-origin\" allowfullscreen><\/iframe><\/p>\n<p style=\"text-align: center;\"><strong>Venha nos visitar! Voc\u00ea vai se surpreender!<\/strong><\/p>\n<p>&nbsp;<\/p>\n","protected":false},"excerpt":{"rendered":"<p>O Grupo Escoteiro Falc\u00e3o Peregrino \u00e9 um grupo onde se pratica e vive o escotismo, com muita emo\u00e7\u00e3o e dedica\u00e7\u00e3o. Muito mais do que praticantes do escotismo, somos uma fam\u00edlia enorme com valores e princ\u00edpios que nos unem a uma \u00fanica bandeira: tornar o mundo melhor. H\u00e1 40 anos realizamos atividades que visam a boa [&hellip;]<\/p>\n","protected":false},"author":1,"featured_media":0,"parent":0,"menu_order":1,"comment_status":"open","ping_status":"closed","template":"","meta":{"footnotes":""},"class_list":["post-5","page","type-page","status-publish","hentry"],"_links":{"self":[{"href":"https:\/\/falcaoperegrino.org.br\/index.php\/wp-json\/wp\/v2\/pages\/5"}],"collection":[{"href":"https:\/\/falcaoperegrino.org.br\/index.php\/wp-json\/wp\/v2\/pages"}],"about":[{"href":"https:\/\/falcaoperegrino.org.br\/index.php\/wp-json\/wp\/v2\/types\/page"}],"author":[{"embeddable":true,"href":"https:\/\/falcaoperegrino.org.br\/index.php\/wp-json\/wp\/v2\/users\/1"}],"replies":[{"embeddable":true,"href":"https:\/\/falcaoperegrino.org.br\/index.php\/wp-json\/wp\/v2\/comments?post=5"}],"version-history":[{"count":23,"href":"https:\/\/falcaoperegrino.org.br\/index.php\/wp-json\/wp\/v2\/pages\/5\/revisions"}],"predecessor-version":[{"id":6075,"href":"https:\/\/falcaoperegrino.org.br\/index.php\/wp-json\/wp\/v2\/pages\/5\/revisions\/6075"}],"wp:attachment":[{"href":"https:\/\/falcaoperegrino.org.br\/index.php\/wp-json\/wp\/v2\/media?parent=5"}],"curies":[{"name":"wp","href":"https:\/\/api.w.org\/{rel}","templated":true}]}}