{"id":2924,"date":"2017-02-14T21:09:13","date_gmt":"2017-02-14T23:09:13","guid":{"rendered":"http:\/\/www.falcaoperegrino.org.br\/?page_id=2924"},"modified":"2023-06-01T14:38:32","modified_gmt":"2023-06-01T17:38:32","slug":"calendario","status":"publish","type":"page","link":"https:\/\/falcaoperegrino.org.br\/index.php\/calendario\/","title":{"rendered":"Calend\u00e1rio"},"content":{"rendered":"<p><a href=\"https:\/\/calendar.google.com\/calendar\/embed?src=c_b0irv33hclmd1ri717nf15s0vg%40group.calendar.google.com&amp;ctz=America%2FSao_Paulo\" rel=\"noopener noreferrer\">Calend\u00e1rio em tela inteira<\/a><\/p>\n<p><iframe loading=\"lazy\" style=\"border: 0;\" src=\"https:\/\/calendar.google.com\/calendar\/embed?src=c_b0irv33hclmd1ri717nf15s0vg%40group.calendar.google.com&amp;ctz=America%2FSao_Paulo\" width=\"688\" height=\"516\" frameborder=\"0\" scrolling=\"no\"><\/iframe><\/p>\n<p><strong>Observa\u00e7\u00e3o<\/strong>: datas em que n\u00e3o houver men\u00e7\u00e3o a janela ou a atividades especiais devem ser entendidas como dias de atividade normal na sede.<\/p>\n","protected":false},"excerpt":{"rendered":"<p>Calend\u00e1rio em tela inteira Observa\u00e7\u00e3o: datas em que n\u00e3o houver men\u00e7\u00e3o a janela ou a atividades especiais devem ser entendidas como dias de atividade normal na sede.<\/p>\n","protected":false},"author":100,"featured_media":0,"parent":0,"menu_order":0,"comment_status":"closed","ping_status":"closed","template":"","meta":{"footnotes":""},"class_list":["post-2924","page","type-page","status-publish","hentry"],"_links":{"self":[{"href":"https:\/\/falcaoperegrino.org.br\/index.php\/wp-json\/wp\/v2\/pages\/2924"}],"collection":[{"href":"https:\/\/falcaoperegrino.org.br\/index.php\/wp-json\/wp\/v2\/pages"}],"about":[{"href":"https:\/\/falcaoperegrino.org.br\/index.php\/wp-json\/wp\/v2\/types\/page"}],"author":[{"embeddable":true,"href":"https:\/\/falcaoperegrino.org.br\/index.php\/wp-json\/wp\/v2\/users\/100"}],"replies":[{"embeddable":true,"href":"https:\/\/falcaoperegrino.org.br\/index.php\/wp-json\/wp\/v2\/comments?post=2924"}],"version-history":[{"count":19,"href":"https:\/\/falcaoperegrino.org.br\/index.php\/wp-json\/wp\/v2\/pages\/2924\/revisions"}],"predecessor-version":[{"id":6068,"href":"https:\/\/falcaoperegrino.org.br\/index.php\/wp-json\/wp\/v2\/pages\/2924\/revisions\/6068"}],"wp:attachment":[{"href":"https:\/\/falcaoperegrino.org.br\/index.php\/wp-json\/wp\/v2\/media?parent=2924"}],"curies":[{"name":"wp","href":"https:\/\/api.w.org\/{rel}","templated":true}]}}