{"id":2239,"date":"2013-03-11T23:04:13","date_gmt":"2013-03-12T02:04:13","guid":{"rendered":"http:\/\/www.falcaoperegrino.org.br\/?page_id=2239"},"modified":"2022-10-11T18:22:36","modified_gmt":"2022-10-11T21:22:36","slug":"como-chegar","status":"publish","type":"page","link":"https:\/\/falcaoperegrino.org.br\/index.php\/como-chegar\/","title":{"rendered":"COMO CHEGAR"},"content":{"rendered":"<p><strong>ENDERE\u00c7O<\/strong><br \/>\nRua Dr. Jos\u00e9 de Moura Resende, 700 &#8211; Caxingui<br \/>\nCEP: 05517.000 &#8211; S\u00e3o Paulo &#8211; SP<br \/>\nHor\u00e1rio das atividades: S\u00e1bados a partir das 14h30<\/p>\n<p><strong>CONTATOS<\/strong><br \/>\nemail: <a href=\"mailto:contato@falcaoperegrino.org.br\">contato@falcaoperegrino.org.br<\/a><\/p>\n<p><strong>REDES SOCIAIS<\/strong><br \/>\nFacebook: <a href=\"https:\/\/www.facebook.com\/GrupoEscoteiroFalcaoPeregrino\/\">www.facebook.com\/GrupoEscoteiroFalcaoPeregrino\/<\/a><br \/>\nInstagram: <a href=\"http:\/\/www.instagram.com\/escoteirofalcao\/\">escoteirofalcao<\/a><br \/>\nYoutube:\u00a0<a href=\"http:\/\/www.youtube.com\/channel\/UCJe82_mnHIo4GAG-0cOKMfA\">www.youtube.com\/channel\/UCJe82_mnHIo4GAG-0cOKMfA<\/a><\/p>\n<p>&nbsp;<\/p>\n<p><iframe loading=\"lazy\" style=\"border: 0;\" src=\"https:\/\/www.google.com\/maps\/embed?pb=!1m14!1m8!1m3!1d3656.5713530042403!2d-46.7241025!3d-23.5838337!3m2!1i1024!2i768!4f13.1!3m3!1m2!1s0x94ce56f40186d56b%3A0xec59355e1dbf3829!2sRua+Doutor+Jos%C3%A9+de+Moura+Resende%2C+700+-+Caxingui!5e0!3m2!1spt-BR!2sbr!4v1394281853176\" width=\"600\" height=\"700\" frameborder=\"0\"><\/iframe><\/p>\n","protected":false},"excerpt":{"rendered":"<p>ENDERE\u00c7O Rua Dr. Jos\u00e9 de Moura Resende, 700 &#8211; Caxingui CEP: 05517.000 &#8211; S\u00e3o Paulo &#8211; SP Hor\u00e1rio das atividades: S\u00e1bados a partir das 14h30 CONTATOS email: contato@falcaoperegrino.org.br REDES SOCIAIS Facebook: www.facebook.com\/GrupoEscoteiroFalcaoPeregrino\/ Instagram: escoteirofalcao Youtube:\u00a0www.youtube.com\/channel\/UCJe82_mnHIo4GAG-0cOKMfA &nbsp;<\/p>\n","protected":false},"author":1,"featured_media":0,"parent":0,"menu_order":0,"comment_status":"open","ping_status":"open","template":"","meta":{"footnotes":""},"class_list":["post-2239","page","type-page","status-publish","hentry"],"_links":{"self":[{"href":"https:\/\/falcaoperegrino.org.br\/index.php\/wp-json\/wp\/v2\/pages\/2239"}],"collection":[{"href":"https:\/\/falcaoperegrino.org.br\/index.php\/wp-json\/wp\/v2\/pages"}],"about":[{"href":"https:\/\/falcaoperegrino.org.br\/index.php\/wp-json\/wp\/v2\/types\/page"}],"author":[{"embeddable":true,"href":"https:\/\/falcaoperegrino.org.br\/index.php\/wp-json\/wp\/v2\/users\/1"}],"replies":[{"embeddable":true,"href":"https:\/\/falcaoperegrino.org.br\/index.php\/wp-json\/wp\/v2\/comments?post=2239"}],"version-history":[{"count":19,"href":"https:\/\/falcaoperegrino.org.br\/index.php\/wp-json\/wp\/v2\/pages\/2239\/revisions"}],"predecessor-version":[{"id":6045,"href":"https:\/\/falcaoperegrino.org.br\/index.php\/wp-json\/wp\/v2\/pages\/2239\/revisions\/6045"}],"wp:attachment":[{"href":"https:\/\/falcaoperegrino.org.br\/index.php\/wp-json\/wp\/v2\/media?parent=2239"}],"curies":[{"name":"wp","href":"https:\/\/api.w.org\/{rel}","templated":true}]}}